{"id":20,"date":"2025-01-18T16:38:10","date_gmt":"2025-01-18T15:38:10","guid":{"rendered":"http:\/\/familjenmoller.dnshome.de\/?page_id=20"},"modified":"2025-01-23T20:27:48","modified_gmt":"2025-01-23T19:27:48","slug":"familjenmoller-se","status":"publish","type":"page","link":"http:\/\/familjenmoller.dnshome.de\/index.php\/familjenmoller-se\/","title":{"rendered":"Familjenmoller.se"},"content":{"rendered":"\n<p class=\"has-large-font-size\"><strong>Om Familjen M\u00f6ller<\/strong><\/p>\n\n\n\n<p class=\"has-medium-font-size\"><strong>Familjen best\u00e5r av<\/strong><\/p>\n\n\n\n<h2 class=\"wp-block-heading has-medium-font-size\"><strong>Gunnar<\/strong><\/h2>\n\n\n\n<p class=\"has-medium-font-size\">Som \u00e4r mekanikern i familjen och som gillar att \u00e5ka motorcykel.<\/p>\n\n\n\n<h2 class=\"wp-block-heading has-medium-font-size\"><strong>Gunilla<\/strong><\/h2>\n\n\n\n<p class=\"has-medium-font-size\">Som st\u00e5r f\u00f6r de litter\u00e4ra. Sitter g\u00e4rna och l\u00e4ser n\u00e4r hon inte \u00e4r ute och \u00e5ker motorcykel.<\/p>\n\n\n\n<h2 class=\"wp-block-heading has-medium-font-size\"><strong>Monica<\/strong><\/h2>\n\n\n\n<p class=\"has-medium-font-size\">Som bor i Uppsala med Emil och sina barn Oliver, Celia och Jonah<\/p>\n\n\n\n<h2 class=\"wp-block-heading has-medium-font-size\"><strong>Mathias<\/strong><\/h2>\n\n\n\n<p class=\"has-medium-font-size\">Som bor i Stockholm&nbsp;med Matilda och sina barn Ralph och Britta<\/p>\n\n\n\n<p class=\"has-medium-font-size\">Mathias \u00e4r \u00e4ven svensk m\u00e4stare i att g\u00f6ra kaffe med Aeropress 2017.<\/p>\n","protected":false},"excerpt":{"rendered":"<p>Om Familjen M\u00f6ller Familjen best\u00e5r av Gunnar Som \u00e4r mekanikern i familjen och som gillar att \u00e5ka motorcykel. Gunilla Som st\u00e5r f\u00f6r de litter\u00e4ra. Sitter g\u00e4rna och l\u00e4ser n\u00e4r hon inte \u00e4r ute och \u00e5ker motorcykel. Monica Som bor i &hellip; <a href=\"http:\/\/familjenmoller.dnshome.de\/index.php\/familjenmoller-se\/\">Forts\u00e4tt l\u00e4sa <span class=\"meta-nav\">&rarr;<\/span><\/a><\/p>\n","protected":false},"author":1,"featured_media":0,"parent":0,"menu_order":0,"comment_status":"closed","ping_status":"closed","template":"","meta":{"footnotes":""},"class_list":["post-20","page","type-page","status-publish","hentry"],"_links":{"self":[{"href":"http:\/\/familjenmoller.dnshome.de\/index.php\/wp-json\/wp\/v2\/pages\/20","targetHints":{"allow":["GET"]}}],"collection":[{"href":"http:\/\/familjenmoller.dnshome.de\/index.php\/wp-json\/wp\/v2\/pages"}],"about":[{"href":"http:\/\/familjenmoller.dnshome.de\/index.php\/wp-json\/wp\/v2\/types\/page"}],"author":[{"embeddable":true,"href":"http:\/\/familjenmoller.dnshome.de\/index.php\/wp-json\/wp\/v2\/users\/1"}],"replies":[{"embeddable":true,"href":"http:\/\/familjenmoller.dnshome.de\/index.php\/wp-json\/wp\/v2\/comments?post=20"}],"version-history":[{"count":3,"href":"http:\/\/familjenmoller.dnshome.de\/index.php\/wp-json\/wp\/v2\/pages\/20\/revisions"}],"predecessor-version":[{"id":88,"href":"http:\/\/familjenmoller.dnshome.de\/index.php\/wp-json\/wp\/v2\/pages\/20\/revisions\/88"}],"wp:attachment":[{"href":"http:\/\/familjenmoller.dnshome.de\/index.php\/wp-json\/wp\/v2\/media?parent=20"}],"curies":[{"name":"wp","href":"https:\/\/api.w.org\/{rel}","templated":true}]}}