{"id":22,"date":"2025-01-18T16:43:30","date_gmt":"2025-01-18T15:43:30","guid":{"rendered":"http:\/\/familjenmoller.dnshome.de\/?page_id=22"},"modified":"2025-07-13T08:22:40","modified_gmt":"2025-07-13T06:22:40","slug":"resor","status":"publish","type":"page","link":"http:\/\/familjenmoller.dnshome.de\/index.php\/familjenmoller-se\/resor\/","title":{"rendered":"Resor o Bilder MC mm"},"content":{"rendered":"\n<p><a href=\"http:\/\/familjenmoller.dnshome.de\/jalbum-gallerier\/Norge-2025-del1\/album\/index.html\">Norge-2025 del 1<\/a><\/p>\n\n\n\n<p><a href=\"http:\/\/familjenmoller.dnshome.de\/jalbum-gallerier\/Norge-2025-del2\/album\/index.html\">Norge-2025 del 2<\/a><\/p>\n\n\n\n<p><a href=\"http:\/\/familjenmoller.dnshome.de\/jalbum-gallerier\/Norge-2025-Statens-vegvesen-museum\/album\/index.html\">Norge-2025 Statens Vegvesen Museum<\/a><\/p>\n\n\n\n<p><a href=\"http:\/\/familjenmoller.dnshome.de\/jalbum-gallerier\/Venedig-2024\/album\/index.html\">Venedig 2024<\/a><\/p>\n\n\n\n<p><a href=\"http:\/\/familjenmoller.dnshome.de\/jalbum-gallerier\/Kryssning-2024\/album\/index.html\">Kryssning 2024<\/a><\/p>\n\n\n\n<p><a href=\"http:\/\/familjenmoller.dnshome.de\/jalbum-gallerier\/Autoseum-2024\/album\/index.html\">Autoseum-2024<\/a><\/p>\n\n\n\n<p><a href=\"http:\/\/familjenmoller.dnshome.de\/jalbum-gallerier\/MC-Massan-2024\/album\/index.html\">MC-Massan-2024<\/a><\/p>\n\n\n\n<p><a href=\"http:\/\/familjenmoller.dnshome.de\/jalbum-gallerier\/Scotland-2023\/album\/index.html\">Scotland 2023<\/a><br><a href=\"https:\/\/www.youtube.com\/watch?v=jXGpa7BQ160\">Film fr\u00e5n Edingburg Tattoo<\/a><\/p>\n\n\n\n<p><a href=\"https:\/\/www.youtube.com\/watch?v=mYFh2sllm-A\">Film fr\u00e5n Harz 2019<\/a><\/p>\n\n\n\n<p><a href=\"http:\/\/familjenmoller.dnshome.de\/jalbum-gallerier\/MC-Collectium\/album\/index.html\">MC-Collectium-2018<\/a><\/p>\n\n\n\n<p><a href=\"http:\/\/familjenmoller.dnshome.de\/jalbum-gallerier\/USA2018\/album\/index.html\" data-type=\"link\" data-id=\"http:\/\/familjenmoller.dnshome.de\/jalbum-gallerier\/MC-Massan-2015\/index.html\">Bilder fr\u00e5n USA 2018 Blue Ridge Parkway<\/a><br><a href=\"http:\/\/familjenmoller.dnshome.de\/dokument\/USA-2018.pdf\">L\u00e4s v\u00e5r reseber\u00e4ttelse fr\u00e5n USA 2018<\/a><br><a href=\"https:\/\/www.youtube.com\/watch?v=WcTgRDOHb_M\">Film fr\u00e5n Tail of the Dragon<\/a><\/p>\n\n\n\n<p><a href=\"http:\/\/familjenmoller.dnshome.de\/jalbum-gallerier\/USA2014\/album\/index.html\">Bilder fr\u00e5n USA 2014 Highway 1 och Monument valley mm<\/a><br><a href=\"http:\/\/familjenmoller.dnshome.de\/dokument\/USA-2014-a.pdf\">L\u00e4s v\u00e5r reseber\u00e4ttelse fr\u00e5n USA 2014<\/a><br><\/p>\n\n\n\n<p><a href=\"http:\/\/familjenmoller.dnshome.de\/jalbum-gallerier\/MC-Massan-2014\/album\/index.html\">MC-Massan-2014<\/a><\/p>\n\n\n\n<p><a href=\"http:\/\/familjenmoller.dnshome.de\/jalbum-gallerier\/Dalsland-aug-2013\/album\/index.html\">Dalsland-aug-2013<\/a><\/p>\n\n\n\n<p><a href=\"http:\/\/familjenmoller.dnshome.de\/jalbum-gallerier\/Stallarholmen-2013\/album\/index.html\">Stallarholmen-2013<\/a><\/p>\n\n\n\n<p><a href=\"http:\/\/familjenmoller.dnshome.de\/jalbum-gallerier\/Poker-Run-2013\/album\/index.html\">Poker-Run-2013<\/a><\/p>\n\n\n\n<p><a href=\"http:\/\/familjenmoller.dnshome.de\/jalbum-gallerier\/MC-Massan-2013\/album\/index.html\">MC-Massan-2013<\/a><\/p>\n\n\n\n<p><a href=\"http:\/\/familjenmoller.dnshome.de\/jalbum-gallerier\/Kopparbergsmarken-2012\/album\/index.html\">Kopparbergsmarken-2012<\/a><\/p>\n\n\n\n<p><a href=\"http:\/\/familjenmoller.dnshome.de\/jalbum-gallerier\/Sensommartur-2012-bilder-av-Rosita-o-Kjell\/album\/index.html\">Sensommartur-2012-bilder-av-Rosita-o-Kjell<\/a><\/p>\n\n\n\n<p><a href=\"http:\/\/familjenmoller.dnshome.de\/jalbum-gallerier\/Sensommartur-2012\/album\/index.html\">Sensommartur-2012<\/a><\/p>\n\n\n\n<p><a href=\"http:\/\/familjenmoller.dnshome.de\/jalbum-gallerier\/Malaren-runt-2012\/album\/index.html\">Malaren-runt-2012<\/a><\/p>\n\n\n\n<p><a href=\"http:\/\/familjenmoller.dnshome.de\/jalbum-gallerier\/Faroe-Islands-2012\/album\/index.html\">Faroe-Islands-2012<\/a>, <br><a href=\"https:\/\/www.youtube.com\/watch?v=6XEqF_vgvW0&amp;t=42s\">Film dag 1<\/a>, <br><a href=\"https:\/\/www.youtube.com\/watch?v=_rwlFbcrvrY&amp;t=493s\">Film dag 2 del 1<\/a>, <a href=\"https:\/\/www.youtube.com\/watch?v=uFip8PJuepo&amp;t=150s\">Film dag 2 del 2<\/a>, <a href=\"https:\/\/www.youtube.com\/watch?v=8WBXzvc1YLY&amp;t=6s\">Film dag 2 del 3<\/a>, <a href=\"https:\/\/www.youtube.com\/watch?v=UBvLDoJAnBs\">Film dag 2 del 4<\/a><br><a href=\"https:\/\/www.youtube.com\/watch?v=fFRvdF80s4g\">Film dag 3 del 1<\/a>, <a href=\"https:\/\/www.youtube.com\/watch?v=CWOLCWhg9LI\">Film dag 3 del 2<\/a>, <a href=\"https:\/\/www.youtube.com\/watch?v=rqVZplE7_mY\">Film dag 3 del 3<\/a>,<br><a href=\"https:\/\/www.youtube.com\/watch?v=MnoqJciTMjs\">Film dag 4 del 1<\/a>, <a href=\"https:\/\/www.youtube.com\/watch?v=GfSyTIhTKPA\">Film dag 4 del 2<\/a>,<br><a href=\"https:\/\/www.youtube.com\/watch?v=_17vEExiC5Q&amp;t=213s\">Film dag 5 del 1<\/a>, <a href=\"https:\/\/www.youtube.com\/watch?v=A6Zx9GR3YYs\">Film dag 5 del 2<\/a>, <br><a href=\"https:\/\/www.youtube.com\/watch?v=v_4VbHWAWAw&amp;t=392s\">Film V\u00e4g till Radarstationen<\/a><\/p>\n\n\n\n<p><a href=\"http:\/\/familjenmoller.dnshome.de\/jalbum-gallerier\/Kortege-6-Juni-2012\/album\/index.html\">Kortege-6-Juni-2012<\/a><\/p>\n\n\n\n<p><a href=\"http:\/\/familjenmoller.dnshome.de\/jalbum-gallerier\/Jorkas-20120530\/album\/index.html\">Jorkas-20120530<\/a><\/p>\n\n\n\n<p><a href=\"http:\/\/familjenmoller.dnshome.de\/jalbum-gallerier\/Pa2hjul2012\/album\/index.html\">Pa2hjul2012<\/a><\/p>\n\n\n\n<p><a href=\"http:\/\/familjenmoller.dnshome.de\/jalbum-gallerier\/IMOT-2011\/album\/index.html\">IMOT-2011<\/a><\/p>\n\n\n\n<p><\/p>\n\n\n\n<p><a href=\"http:\/\/familjenmoller.dnshome.de\/jalbum-gallerier\/Pa2hjul2011\/album\/index.html\">Pa2hjul2011<\/a><\/p>\n\n\n\n<p><a href=\"http:\/\/familjenmoller.dnshome.de\/jalbum-gallerier\/Malaren-runt-2010\/album\/index.html\">Malaren-runt-2010<\/a><\/p>\n\n\n\n<p><a href=\"http:\/\/familjenmoller.dnshome.de\/jalbum-gallerier\/USA-2010\/album\/index.html\">USA-2010 Route 66<\/a><\/p>\n\n\n\n<p><a href=\"http:\/\/familjenmoller.dnshome.de\/jalbum-gallerier\/Malaren-runt-2009\/album\/index.html\">Malaren-runt-2009<\/a><\/p>\n\n\n\n<p><a href=\"http:\/\/familjenmoller.dnshome.de\/jalbum-gallerier\/Pa2hjul2009\/album\/index.html\">Pa2hjul2009<\/a><\/p>\n\n\n\n<p><a href=\"http:\/\/familjenmoller.dnshome.de\/jalbum-gallerier\/Hjalmaren-runt-2008\/album\/index.html\">Hjalmaren-runt-2008<\/a><\/p>\n\n\n\n<p><a href=\"http:\/\/familjenmoller.dnshome.de\/jalbum-gallerier\/Malaren-runt-2008\/album\/index.html\">Malaren-runt-2008<\/a><\/p>\n\n\n\n<p><a href=\"http:\/\/familjenmoller.dnshome.de\/jalbum-gallerier\/Pa2hjul2008\/index.html\">Pa2hjul2008<\/a><\/p>\n\n\n\n<p><a href=\"http:\/\/familjenmoller.dnshome.de\/jalbum-gallerier\/Hjalmaren-runt-2007\/album\/index.html\">Hjalmaren-runt-2007<\/a><\/p>\n\n\n\n<p><a href=\"http:\/\/familjenmoller.dnshome.de\/jalbum-gallerier\/Malaren-runt-2007\/album\/index.html\">Malaren-runt-2007<\/a><\/p>\n\n\n\n<p><a href=\"http:\/\/familjenmoller.dnshome.de\/jalbum-gallerier\/Pa2hjul2007\/album\/index.html\">Pa2hjul2007<\/a><\/p>\n\n\n\n<p><a href=\"http:\/\/familjenmoller.dnshome.de\/jalbum-gallerier\/Hjalmaren-runt-2006\/album\/index.html\">Hjalmaren-runt-2006<\/a><\/p>\n\n\n\n<p><a href=\"http:\/\/familjenmoller.dnshome.de\/jalbum-gallerier\/Malaren-runt-2006\/index.html\">Malaren-runt-2006<\/a><\/p>\n\n\n\n<p><a href=\"http:\/\/familjenmoller.dnshome.de\/jalbum-gallerier\/Pa2hjul2006\/album\/index.html\">Pa2hjul2006<\/a><\/p>\n\n\n\n<p><a href=\"http:\/\/familjenmoller.dnshome.de\/jalbum-gallerier\/Hjalmaren-runt-2005\/album\/index.html\">Hjalmaren-runt-2005<\/a><\/p>\n\n\n\n<p><a href=\"http:\/\/familjenmoller.dnshome.de\/jalbum-gallerier\/Malaren-runt-2005\/album\/index.html\">Malaren-runt-2005<\/a><\/p>\n\n\n\n<p><a href=\"http:\/\/familjenmoller.dnshome.de\/jalbum-gallerier\/Pa2hjul2005\/album\/index.html\">Pa2hjul2005<\/a><\/p>\n\n\n\n<p><a href=\"http:\/\/familjenmoller.dnshome.de\/jalbum-gallerier\/Malaren-runt-2004\/album\/index.html\">Malaren-runt-2004<\/a><\/p>\n\n\n\n<p><a href=\"http:\/\/familjenmoller.dnshome.de\/jalbum-gallerier\/Malaren-runt-2003\/album\/index.html\">M\u00e4laren runt 2003<\/a><\/p>\n","protected":false},"excerpt":{"rendered":"<p>Norge-2025 del 1 Norge-2025 del 2 Norge-2025 Statens Vegvesen Museum Venedig 2024 Kryssning 2024 Autoseum-2024 MC-Massan-2024 Scotland 2023Film fr\u00e5n Edingburg Tattoo Film fr\u00e5n Harz 2019 MC-Collectium-2018 Bilder fr\u00e5n USA 2018 Blue Ridge ParkwayL\u00e4s v\u00e5r reseber\u00e4ttelse fr\u00e5n USA 2018Film fr\u00e5n Tail &hellip; <a href=\"http:\/\/familjenmoller.dnshome.de\/index.php\/familjenmoller-se\/resor\/\">Forts\u00e4tt l\u00e4sa <span class=\"meta-nav\">&rarr;<\/span><\/a><\/p>\n","protected":false},"author":1,"featured_media":0,"parent":20,"menu_order":0,"comment_status":"closed","ping_status":"closed","template":"","meta":{"footnotes":""},"class_list":["post-22","page","type-page","status-publish","hentry"],"_links":{"self":[{"href":"http:\/\/familjenmoller.dnshome.de\/index.php\/wp-json\/wp\/v2\/pages\/22","targetHints":{"allow":["GET"]}}],"collection":[{"href":"http:\/\/familjenmoller.dnshome.de\/index.php\/wp-json\/wp\/v2\/pages"}],"about":[{"href":"http:\/\/familjenmoller.dnshome.de\/index.php\/wp-json\/wp\/v2\/types\/page"}],"author":[{"embeddable":true,"href":"http:\/\/familjenmoller.dnshome.de\/index.php\/wp-json\/wp\/v2\/users\/1"}],"replies":[{"embeddable":true,"href":"http:\/\/familjenmoller.dnshome.de\/index.php\/wp-json\/wp\/v2\/comments?post=22"}],"version-history":[{"count":41,"href":"http:\/\/familjenmoller.dnshome.de\/index.php\/wp-json\/wp\/v2\/pages\/22\/revisions"}],"predecessor-version":[{"id":96,"href":"http:\/\/familjenmoller.dnshome.de\/index.php\/wp-json\/wp\/v2\/pages\/22\/revisions\/96"}],"up":[{"embeddable":true,"href":"http:\/\/familjenmoller.dnshome.de\/index.php\/wp-json\/wp\/v2\/pages\/20"}],"wp:attachment":[{"href":"http:\/\/familjenmoller.dnshome.de\/index.php\/wp-json\/wp\/v2\/media?parent=22"}],"curies":[{"name":"wp","href":"https:\/\/api.w.org\/{rel}","templated":true}]}}